{"id":450,"date":"2025-09-29T15:53:24","date_gmt":"2025-09-29T13:53:24","guid":{"rendered":"https:\/\/www.kantinchen.com\/?page_id=450"},"modified":"2025-09-29T15:54:22","modified_gmt":"2025-09-29T13:54:22","slug":"philosophie","status":"publish","type":"page","link":"https:\/\/www.kantinchen.com\/?page_id=450","title":{"rendered":"Philosophie"},"content":{"rendered":"\n<p>Wir machen ganz sch\u00f6n viel selbst. Das f\u00e4llt uns im Alltag gar nicht so auf, aber wenn ein Blick von au\u00dfen drauf f\u00e4llt, z.B. durch neue Mitarbeiterinnen, wird es uns wieder bewusst. Das war von Anfang an unser Bestreben &#8211; so viel wie m\u00f6glich aus guten, allermeistens Bio-Zutaten herzustellen. <\/p>\n\n\n\n<p>F\u00fcr unsere Quiches aus Dinkelmehl wird der Teig ausgerollt, dann blindgebacken und dann erst weiter gef\u00fcllt und fertig gebacken. Das ist ganz sch\u00f6n aufw\u00e4ndig, aber unvergleichlich gut. Unser tolles K\u00fcchen-Team bereitet unseren Houmus aus frisch gekochten Kichererbsen zu, mehrmals pro Woche schnippeln und braten sie Grillgem\u00fcse. Morgens gibt es unser Bircher M\u00fcsli mit unserem selbstgebackenen Granola, das wir \u00fcbrigens auch im Kantinchen verkaufen. <\/p>\n\n\n\n<p>Und ganz besonders freut es uns, dass wir seit Sommer 2024 unsere eigene Konditorin im Kantinchen haben, die feine T\u00f6rtchen und Kuchen f\u00fcr euch backt.<\/p>\n\n\n\n<p>Wir setzen auf regionale Lieferstrukturen und arbeiten seit vielen Jahren mit kleineren, regionalen Bio-Gro\u00dfh\u00e4ndlern zusammen. Ein gutes, faires Miteinander geh\u00f6rt f\u00fcr uns dazu.<\/p>\n\n\n\n<p>F\u00fcr unsere Kunden m\u00f6chten wir eine sehr gute Qualit\u00e4t zu einem bezahlbaren Preis anbieten &#8211; es ist uns wichtig, dass sich viele Menschen in unserem Viertel einen Besuch bei uns leisten k\u00f6nnen. <\/p>\n\n\n\n<p>Wir setzen auf Bio-Produkte.<\/p>\n\n\n\n<figure class=\"wp-block-gallery has-nested-images columns-default is-cropped wp-block-gallery-1 is-layout-flex wp-block-gallery-is-layout-flex\">\n<figure class=\"wp-block-image size-large\"><a href=\"https:\/\/www.kantinchen.com\/wp-content\/uploads\/2025\/09\/IMG_1038-scaled.jpg\"><img loading=\"lazy\" decoding=\"async\" width=\"768\" height=\"1024\" data-id=\"442\" src=\"https:\/\/www.kantinchen.com\/wp-content\/uploads\/2025\/09\/IMG_1038-768x1024.jpg\" alt=\"\" class=\"wp-image-442\" srcset=\"https:\/\/www.kantinchen.com\/wp-content\/uploads\/2025\/09\/IMG_1038-768x1024.jpg 768w, https:\/\/www.kantinchen.com\/wp-content\/uploads\/2025\/09\/IMG_1038-225x300.jpg 225w, https:\/\/www.kantinchen.com\/wp-content\/uploads\/2025\/09\/IMG_1038-1152x1536.jpg 1152w, https:\/\/www.kantinchen.com\/wp-content\/uploads\/2025\/09\/IMG_1038-1536x2048.jpg 1536w, https:\/\/www.kantinchen.com\/wp-content\/uploads\/2025\/09\/IMG_1038-scaled.jpg 1920w\" sizes=\"auto, (max-width: 768px) 100vw, 768px\" \/><\/a><\/figure>\n\n\n\n<figure class=\"wp-block-image size-large\"><a href=\"https:\/\/www.kantinchen.com\/wp-content\/uploads\/2025\/09\/IMG_1027-scaled.jpg\"><img loading=\"lazy\" decoding=\"async\" width=\"768\" height=\"1024\" data-id=\"440\" src=\"https:\/\/www.kantinchen.com\/wp-content\/uploads\/2025\/09\/IMG_1027-768x1024.jpg\" alt=\"\" class=\"wp-image-440\" srcset=\"https:\/\/www.kantinchen.com\/wp-content\/uploads\/2025\/09\/IMG_1027-768x1024.jpg 768w, https:\/\/www.kantinchen.com\/wp-content\/uploads\/2025\/09\/IMG_1027-225x300.jpg 225w, https:\/\/www.kantinchen.com\/wp-content\/uploads\/2025\/09\/IMG_1027-1152x1536.jpg 1152w, https:\/\/www.kantinchen.com\/wp-content\/uploads\/2025\/09\/IMG_1027-1536x2048.jpg 1536w, https:\/\/www.kantinchen.com\/wp-content\/uploads\/2025\/09\/IMG_1027-scaled.jpg 1920w\" sizes=\"auto, (max-width: 768px) 100vw, 768px\" \/><\/a><\/figure>\n\n\n\n<figure class=\"wp-block-image size-large\"><a href=\"https:\/\/www.kantinchen.com\/wp-content\/uploads\/2025\/09\/IMG_1021-scaled.jpg\"><img loading=\"lazy\" decoding=\"async\" width=\"768\" height=\"1024\" data-id=\"438\" src=\"https:\/\/www.kantinchen.com\/wp-content\/uploads\/2025\/09\/IMG_1021-768x1024.jpg\" alt=\"\" class=\"wp-image-438\" srcset=\"https:\/\/www.kantinchen.com\/wp-content\/uploads\/2025\/09\/IMG_1021-768x1024.jpg 768w, https:\/\/www.kantinchen.com\/wp-content\/uploads\/2025\/09\/IMG_1021-225x300.jpg 225w, https:\/\/www.kantinchen.com\/wp-content\/uploads\/2025\/09\/IMG_1021-1152x1536.jpg 1152w, https:\/\/www.kantinchen.com\/wp-content\/uploads\/2025\/09\/IMG_1021-1536x2048.jpg 1536w, https:\/\/www.kantinchen.com\/wp-content\/uploads\/2025\/09\/IMG_1021-scaled.jpg 1920w\" sizes=\"auto, (max-width: 768px) 100vw, 768px\" \/><\/a><\/figure>\n<\/figure>\n\n\n\n<p><\/p>\n","protected":false},"excerpt":{"rendered":"<p>Wir machen ganz sch\u00f6n viel selbst. Das f\u00e4llt uns im Alltag gar nicht so auf, aber wenn ein Blick von au\u00dfen drauf f\u00e4llt, z.B. durch neue Mitarbeiterinnen, wird es uns wieder bewusst. Das war von Anfang an unser Bestreben &#8211; so viel wie m\u00f6glich aus guten, allermeistens Bio-Zutaten herzustellen. F\u00fcr unsere Quiches aus Dinkelmehl wird &hellip; <a href=\"https:\/\/www.kantinchen.com\/?page_id=450\" class=\"more-link\"><span class=\"screen-reader-text\">Philosophie<\/span> weiterlesen<\/a><\/p>\n","protected":false},"author":1,"featured_media":0,"parent":0,"menu_order":0,"comment_status":"closed","ping_status":"closed","template":"","meta":{"footnotes":""},"class_list":["post-450","page","type-page","status-publish","hentry"],"_links":{"self":[{"href":"https:\/\/www.kantinchen.com\/index.php?rest_route=\/wp\/v2\/pages\/450","targetHints":{"allow":["GET"]}}],"collection":[{"href":"https:\/\/www.kantinchen.com\/index.php?rest_route=\/wp\/v2\/pages"}],"about":[{"href":"https:\/\/www.kantinchen.com\/index.php?rest_route=\/wp\/v2\/types\/page"}],"author":[{"embeddable":true,"href":"https:\/\/www.kantinchen.com\/index.php?rest_route=\/wp\/v2\/users\/1"}],"replies":[{"embeddable":true,"href":"https:\/\/www.kantinchen.com\/index.php?rest_route=%2Fwp%2Fv2%2Fcomments&post=450"}],"version-history":[{"count":4,"href":"https:\/\/www.kantinchen.com\/index.php?rest_route=\/wp\/v2\/pages\/450\/revisions"}],"predecessor-version":[{"id":456,"href":"https:\/\/www.kantinchen.com\/index.php?rest_route=\/wp\/v2\/pages\/450\/revisions\/456"}],"wp:attachment":[{"href":"https:\/\/www.kantinchen.com\/index.php?rest_route=%2Fwp%2Fv2%2Fmedia&parent=450"}],"curies":[{"name":"wp","href":"https:\/\/api.w.org\/{rel}","templated":true}]}}